{"id":228,"date":"2024-09-05T12:41:39","date_gmt":"2024-09-05T16:41:39","guid":{"rendered":"https:\/\/leslainesfinndor.com\/product\/sheeps-milk-soap-nature\/"},"modified":"2024-09-05T12:41:39","modified_gmt":"2024-09-05T16:41:39","slug":"sheeps-milk-soap-nature","status":"publish","type":"product","link":"https:\/\/leslainesfinndor.com\/en\/product\/sheeps-milk-soap-nature\/","title":{"rendered":"Sheep&#8217;s milk soap &#8211; Nature"},"content":{"rendered":"","protected":false},"excerpt":{"rendered":"<p>100% natural handmade soap with olive oil and mare&#8217;s milk<\/p>\n","protected":false},"featured_media":134,"comment_status":"open","ping_status":"closed","template":"","meta":{"_acf_changed":false},"product_brand":[],"product_cat":[63],"product_tag":[104,106,105],"class_list":{"0":"post-228","1":"product","2":"type-product","3":"status-publish","4":"has-post-thumbnail","6":"product_cat-soaps","7":"product_tag-coal","8":"product_tag-sheep","9":"product_tag-wintergreen","11":"first","12":"instock","13":"taxable","14":"shipping-taxable","15":"purchasable","16":"product-type-simple"},"acf":[],"yoast_head":"<!-- This site is optimized with the Yoast SEO plugin v26.8 - https:\/\/yoast.com\/product\/yoast-seo-wordpress\/ -->\n<title>Sheep&#039;s milk soap - Nature &#8211; Les Laines Finn D&#039;Or<\/title>\n<meta name=\"robots\" content=\"index, follow, max-snippet:-1, max-image-preview:large, max-video-preview:-1\" \/>\n<link rel=\"canonical\" href=\"https:\/\/leslainesfinndor.com\/en\/product\/sheeps-milk-soap-nature\/\" \/>\n<meta property=\"og:locale\" content=\"en_US\" \/>\n<meta property=\"og:type\" content=\"article\" \/>\n<meta property=\"og:title\" content=\"Sheep&#039;s milk soap - Nature &#8211; Les Laines Finn D&#039;Or\" \/>\n<meta property=\"og:description\" content=\"100% natural handmade soap with olive oil and mare&#039;s milk\" \/>\n<meta property=\"og:url\" content=\"https:\/\/leslainesfinndor.com\/en\/product\/sheeps-milk-soap-nature\/\" \/>\n<meta property=\"og:site_name\" content=\"Les Laines Finn D&#039;Or\" \/>\n<meta property=\"article:publisher\" content=\"https:\/\/www.facebook.com\/Leslainesfinndor\/\" \/>\n<meta name=\"twitter:card\" content=\"summary_large_image\" \/>\n<script type=\"application\/ld+json\" class=\"yoast-schema-graph\">{\"@context\":\"https:\/\/schema.org\",\"@graph\":[{\"@type\":\"WebPage\",\"@id\":\"https:\/\/leslainesfinndor.com\/en\/product\/sheeps-milk-soap-nature\/\",\"url\":\"https:\/\/leslainesfinndor.com\/en\/product\/sheeps-milk-soap-nature\/\",\"name\":\"Sheep's milk soap - Nature &#8211; Les Laines Finn D&#039;Or\",\"isPartOf\":{\"@id\":\"https:\/\/leslainesfinndor.com\/#website\"},\"primaryImageOfPage\":{\"@id\":\"https:\/\/leslainesfinndor.com\/en\/product\/sheeps-milk-soap-nature\/#primaryimage\"},\"image\":{\"@id\":\"https:\/\/leslainesfinndor.com\/en\/product\/sheeps-milk-soap-nature\/#primaryimage\"},\"thumbnailUrl\":\"https:\/\/leslainesfinndor.com\/wp-content\/uploads\/2024\/09\/IMG_3852.jpg\",\"datePublished\":\"2024-09-05T16:41:39+00:00\",\"breadcrumb\":{\"@id\":\"https:\/\/leslainesfinndor.com\/en\/product\/sheeps-milk-soap-nature\/#breadcrumb\"},\"inLanguage\":\"en-US\",\"potentialAction\":[{\"@type\":\"ReadAction\",\"target\":[\"https:\/\/leslainesfinndor.com\/en\/product\/sheeps-milk-soap-nature\/\"]}]},{\"@type\":\"ImageObject\",\"inLanguage\":\"en-US\",\"@id\":\"https:\/\/leslainesfinndor.com\/en\/product\/sheeps-milk-soap-nature\/#primaryimage\",\"url\":\"https:\/\/leslainesfinndor.com\/wp-content\/uploads\/2024\/09\/IMG_3852.jpg\",\"contentUrl\":\"https:\/\/leslainesfinndor.com\/wp-content\/uploads\/2024\/09\/IMG_3852.jpg\",\"width\":800,\"height\":600},{\"@type\":\"BreadcrumbList\",\"@id\":\"https:\/\/leslainesfinndor.com\/en\/product\/sheeps-milk-soap-nature\/#breadcrumb\",\"itemListElement\":[{\"@type\":\"ListItem\",\"position\":1,\"name\":\"Accueil\",\"item\":\"https:\/\/leslainesfinndor.com\/en\/\"},{\"@type\":\"ListItem\",\"position\":2,\"name\":\"Shop\",\"item\":\"https:\/\/leslainesfinndor.com\/en\/shop\/\"},{\"@type\":\"ListItem\",\"position\":3,\"name\":\"Sheep&#8217;s milk soap &#8211; Nature\"}]},{\"@type\":\"WebSite\",\"@id\":\"https:\/\/leslainesfinndor.com\/#website\",\"url\":\"https:\/\/leslainesfinndor.com\/\",\"name\":\"Les Laines Finn D'Or\",\"description\":\"Laine qu\u00e9b\u00e9coise \u00e0 tricoter 100% naturelle\",\"publisher\":{\"@id\":\"https:\/\/leslainesfinndor.com\/#organization\"},\"potentialAction\":[{\"@type\":\"SearchAction\",\"target\":{\"@type\":\"EntryPoint\",\"urlTemplate\":\"https:\/\/leslainesfinndor.com\/?s={search_term_string}\"},\"query-input\":{\"@type\":\"PropertyValueSpecification\",\"valueRequired\":true,\"valueName\":\"search_term_string\"}}],\"inLanguage\":\"en-US\"},{\"@type\":\"Organization\",\"@id\":\"https:\/\/leslainesfinndor.com\/#organization\",\"name\":\"Les Laines Finn D'Or\",\"url\":\"https:\/\/leslainesfinndor.com\/\",\"logo\":{\"@type\":\"ImageObject\",\"inLanguage\":\"en-US\",\"@id\":\"https:\/\/leslainesfinndor.com\/#\/schema\/logo\/image\/\",\"url\":\"https:\/\/leslainesfinndor.com\/wp-content\/uploads\/2024\/08\/logo-finndor.webp\",\"contentUrl\":\"https:\/\/leslainesfinndor.com\/wp-content\/uploads\/2024\/08\/logo-finndor.webp\",\"width\":196,\"height\":196,\"caption\":\"Les Laines Finn D'Or\"},\"image\":{\"@id\":\"https:\/\/leslainesfinndor.com\/#\/schema\/logo\/image\/\"},\"sameAs\":[\"https:\/\/www.facebook.com\/Leslainesfinndor\/\",\"https:\/\/www.instagram.com\/les_laines_finn_dor\/\"]}]}<\/script>\n<!-- \/ Yoast SEO plugin. -->","yoast_head_json":{"title":"Sheep's milk soap - Nature &#8211; Les Laines Finn D&#039;Or","robots":{"index":"index","follow":"follow","max-snippet":"max-snippet:-1","max-image-preview":"max-image-preview:large","max-video-preview":"max-video-preview:-1"},"canonical":"https:\/\/leslainesfinndor.com\/en\/product\/sheeps-milk-soap-nature\/","og_locale":"en_US","og_type":"article","og_title":"Sheep's milk soap - Nature &#8211; Les Laines Finn D&#039;Or","og_description":"100% natural handmade soap with olive oil and mare's milk","og_url":"https:\/\/leslainesfinndor.com\/en\/product\/sheeps-milk-soap-nature\/","og_site_name":"Les Laines Finn D&#039;Or","article_publisher":"https:\/\/www.facebook.com\/Leslainesfinndor\/","twitter_card":"summary_large_image","schema":{"@context":"https:\/\/schema.org","@graph":[{"@type":"WebPage","@id":"https:\/\/leslainesfinndor.com\/en\/product\/sheeps-milk-soap-nature\/","url":"https:\/\/leslainesfinndor.com\/en\/product\/sheeps-milk-soap-nature\/","name":"Sheep's milk soap - Nature &#8211; Les Laines Finn D&#039;Or","isPartOf":{"@id":"https:\/\/leslainesfinndor.com\/#website"},"primaryImageOfPage":{"@id":"https:\/\/leslainesfinndor.com\/en\/product\/sheeps-milk-soap-nature\/#primaryimage"},"image":{"@id":"https:\/\/leslainesfinndor.com\/en\/product\/sheeps-milk-soap-nature\/#primaryimage"},"thumbnailUrl":"https:\/\/leslainesfinndor.com\/wp-content\/uploads\/2024\/09\/IMG_3852.jpg","datePublished":"2024-09-05T16:41:39+00:00","breadcrumb":{"@id":"https:\/\/leslainesfinndor.com\/en\/product\/sheeps-milk-soap-nature\/#breadcrumb"},"inLanguage":"en-US","potentialAction":[{"@type":"ReadAction","target":["https:\/\/leslainesfinndor.com\/en\/product\/sheeps-milk-soap-nature\/"]}]},{"@type":"ImageObject","inLanguage":"en-US","@id":"https:\/\/leslainesfinndor.com\/en\/product\/sheeps-milk-soap-nature\/#primaryimage","url":"https:\/\/leslainesfinndor.com\/wp-content\/uploads\/2024\/09\/IMG_3852.jpg","contentUrl":"https:\/\/leslainesfinndor.com\/wp-content\/uploads\/2024\/09\/IMG_3852.jpg","width":800,"height":600},{"@type":"BreadcrumbList","@id":"https:\/\/leslainesfinndor.com\/en\/product\/sheeps-milk-soap-nature\/#breadcrumb","itemListElement":[{"@type":"ListItem","position":1,"name":"Accueil","item":"https:\/\/leslainesfinndor.com\/en\/"},{"@type":"ListItem","position":2,"name":"Shop","item":"https:\/\/leslainesfinndor.com\/en\/shop\/"},{"@type":"ListItem","position":3,"name":"Sheep&#8217;s milk soap &#8211; Nature"}]},{"@type":"WebSite","@id":"https:\/\/leslainesfinndor.com\/#website","url":"https:\/\/leslainesfinndor.com\/","name":"Les Laines Finn D'Or","description":"Laine qu\u00e9b\u00e9coise \u00e0 tricoter 100% naturelle","publisher":{"@id":"https:\/\/leslainesfinndor.com\/#organization"},"potentialAction":[{"@type":"SearchAction","target":{"@type":"EntryPoint","urlTemplate":"https:\/\/leslainesfinndor.com\/?s={search_term_string}"},"query-input":{"@type":"PropertyValueSpecification","valueRequired":true,"valueName":"search_term_string"}}],"inLanguage":"en-US"},{"@type":"Organization","@id":"https:\/\/leslainesfinndor.com\/#organization","name":"Les Laines Finn D'Or","url":"https:\/\/leslainesfinndor.com\/","logo":{"@type":"ImageObject","inLanguage":"en-US","@id":"https:\/\/leslainesfinndor.com\/#\/schema\/logo\/image\/","url":"https:\/\/leslainesfinndor.com\/wp-content\/uploads\/2024\/08\/logo-finndor.webp","contentUrl":"https:\/\/leslainesfinndor.com\/wp-content\/uploads\/2024\/08\/logo-finndor.webp","width":196,"height":196,"caption":"Les Laines Finn D'Or"},"image":{"@id":"https:\/\/leslainesfinndor.com\/#\/schema\/logo\/image\/"},"sameAs":["https:\/\/www.facebook.com\/Leslainesfinndor\/","https:\/\/www.instagram.com\/les_laines_finn_dor\/"]}]}},"_links":{"self":[{"href":"https:\/\/leslainesfinndor.com\/en\/wp-json\/wp\/v2\/product\/228","targetHints":{"allow":["GET"]}}],"collection":[{"href":"https:\/\/leslainesfinndor.com\/en\/wp-json\/wp\/v2\/product"}],"about":[{"href":"https:\/\/leslainesfinndor.com\/en\/wp-json\/wp\/v2\/types\/product"}],"replies":[{"embeddable":true,"href":"https:\/\/leslainesfinndor.com\/en\/wp-json\/wp\/v2\/comments?post=228"}],"wp:featuredmedia":[{"embeddable":true,"href":"https:\/\/leslainesfinndor.com\/en\/wp-json\/wp\/v2\/media\/134"}],"wp:attachment":[{"href":"https:\/\/leslainesfinndor.com\/en\/wp-json\/wp\/v2\/media?parent=228"}],"wp:term":[{"taxonomy":"product_brand","embeddable":true,"href":"https:\/\/leslainesfinndor.com\/en\/wp-json\/wp\/v2\/product_brand?post=228"},{"taxonomy":"product_cat","embeddable":true,"href":"https:\/\/leslainesfinndor.com\/en\/wp-json\/wp\/v2\/product_cat?post=228"},{"taxonomy":"product_tag","embeddable":true,"href":"https:\/\/leslainesfinndor.com\/en\/wp-json\/wp\/v2\/product_tag?post=228"}],"curies":[{"name":"wp","href":"https:\/\/api.w.org\/{rel}","templated":true}]}}