{"id":222,"date":"2024-09-04T12:36:23","date_gmt":"2024-09-04T16:36:23","guid":{"rendered":"https:\/\/leslainesfinndor.com\/product\/les-granu-laines\/"},"modified":"2024-09-04T12:36:23","modified_gmt":"2024-09-04T16:36:23","slug":"les-granu-laines","status":"publish","type":"product","link":"https:\/\/leslainesfinndor.com\/en\/product\/les-granu-laines\/","title":{"rendered":"Les Granu-Laines"},"content":{"rendered":"<p>After purchase, you&#8217;ll receive Youtube links to learn more about how to use Granu-Laines.<br \/>\nOur product is made from 100% renewable sources, is environmentally friendly and produces no waste.<br \/>\nOnce transformed into granules, its composition remains stable and can be stored for several months in a cool, dry place.<br \/>\n*It&#8217;s important to fertilize only once a season, as 50% of the nutrients are available quickly and the other 50% are released more slowly.<br \/>\n*If you&#8217;ve already planted, incorporate the wool with a small tool into the first 3 to 4&#8243; of soil, or make small holes with your fingers and add the wool granules, then finish filling in with soil.<br \/>\nIf your garden is square or rectangular, don&#8217;t forget to subtract the driveway area from your calculation.<br \/>\nStore for 24 months in an airtight bag.        <\/p>\n<ul class=\"check\">\n<li>Renewable, environmentally friendly source<\/li>\n<li>Effective all summer long<\/li>\n<li>Effective for different crops<\/li>\n<li>Important source of nitrogen<\/li>\n<li>Excellent results in a single application<\/li>\n<\/ul>\n","protected":false},"excerpt":{"rendered":"<p>Organic fertilizer made from 100% Quebec wool.<br \/>\nEfficient for your various crops, an important source of nitrogen, with many features for the health and productivity of your plants.<br \/>\nExcellent results in a single application.  <\/p>\n","protected":false},"featured_media":123,"comment_status":"open","ping_status":"closed","template":"","meta":{"_acf_changed":false},"product_brand":[],"product_cat":[61],"product_tag":[],"class_list":{"0":"post-222","1":"product","2":"type-product","3":"status-publish","4":"has-post-thumbnail","6":"product_cat-organic-fertilizer","7":"pa_formats-1kg-en","8":"pa_formats-set-of-4kg","9":"pa_formats-500g-en","11":"first","12":"instock","13":"taxable","14":"shipping-taxable","15":"purchasable","16":"product-type-variable","17":"has-default-attributes"},"acf":[],"yoast_head":"<!-- This site is optimized with the Yoast SEO plugin v26.8 - https:\/\/yoast.com\/product\/yoast-seo-wordpress\/ -->\n<title>Les Granu-Laines &#8211; Les Laines Finn D&#039;Or<\/title>\n<meta name=\"robots\" content=\"index, follow, max-snippet:-1, max-image-preview:large, max-video-preview:-1\" \/>\n<link rel=\"canonical\" href=\"https:\/\/leslainesfinndor.com\/product\/les-granu-laines\/\" \/>\n<meta property=\"og:locale\" content=\"en_US\" \/>\n<meta property=\"og:type\" content=\"article\" \/>\n<meta property=\"og:title\" content=\"Les Granu-Laines &#8211; Les Laines Finn D&#039;Or\" \/>\n<meta property=\"og:description\" content=\"Organic fertilizer made from 100% Quebec wool. Efficient for your various crops, an important source of nitrogen, with many features for the health and productivity of your plants. Excellent results in a single application.\" \/>\n<meta property=\"og:url\" content=\"https:\/\/leslainesfinndor.com\/product\/les-granu-laines\/\" \/>\n<meta property=\"og:site_name\" content=\"Les Laines Finn D&#039;Or\" \/>\n<meta property=\"article:publisher\" content=\"https:\/\/www.facebook.com\/Leslainesfinndor\/\" \/>\n<meta name=\"twitter:card\" content=\"summary_large_image\" \/>\n<meta name=\"twitter:label1\" content=\"Est. reading time\" \/>\n\t<meta name=\"twitter:data1\" content=\"1 minute\" \/>\n<script type=\"application\/ld+json\" class=\"yoast-schema-graph\">{\"@context\":\"https:\/\/schema.org\",\"@graph\":[{\"@type\":\"WebPage\",\"@id\":\"https:\/\/leslainesfinndor.com\/product\/les-granu-laines\/\",\"url\":\"https:\/\/leslainesfinndor.com\/product\/les-granu-laines\/\",\"name\":\"Les Granu-Laines &#8211; Les Laines Finn D&#039;Or\",\"isPartOf\":{\"@id\":\"https:\/\/leslainesfinndor.com\/#website\"},\"primaryImageOfPage\":{\"@id\":\"https:\/\/leslainesfinndor.com\/product\/les-granu-laines\/#primaryimage\"},\"image\":{\"@id\":\"https:\/\/leslainesfinndor.com\/product\/les-granu-laines\/#primaryimage\"},\"thumbnailUrl\":\"https:\/\/leslainesfinndor.com\/wp-content\/uploads\/2024\/09\/granu-laines-500g-transparent.webp\",\"datePublished\":\"2024-09-04T16:36:23+00:00\",\"breadcrumb\":{\"@id\":\"https:\/\/leslainesfinndor.com\/product\/les-granu-laines\/#breadcrumb\"},\"inLanguage\":\"en-US\",\"potentialAction\":[{\"@type\":\"ReadAction\",\"target\":[\"https:\/\/leslainesfinndor.com\/product\/les-granu-laines\/\"]}]},{\"@type\":\"ImageObject\",\"inLanguage\":\"en-US\",\"@id\":\"https:\/\/leslainesfinndor.com\/product\/les-granu-laines\/#primaryimage\",\"url\":\"https:\/\/leslainesfinndor.com\/wp-content\/uploads\/2024\/09\/granu-laines-500g-transparent.webp\",\"contentUrl\":\"https:\/\/leslainesfinndor.com\/wp-content\/uploads\/2024\/09\/granu-laines-500g-transparent.webp\",\"width\":500,\"height\":748},{\"@type\":\"BreadcrumbList\",\"@id\":\"https:\/\/leslainesfinndor.com\/product\/les-granu-laines\/#breadcrumb\",\"itemListElement\":[{\"@type\":\"ListItem\",\"position\":1,\"name\":\"Accueil\",\"item\":\"https:\/\/leslainesfinndor.com\/en\/\"},{\"@type\":\"ListItem\",\"position\":2,\"name\":\"Shop\",\"item\":\"https:\/\/leslainesfinndor.com\/en\/shop\/\"},{\"@type\":\"ListItem\",\"position\":3,\"name\":\"Les Granu-Laines\"}]},{\"@type\":\"WebSite\",\"@id\":\"https:\/\/leslainesfinndor.com\/#website\",\"url\":\"https:\/\/leslainesfinndor.com\/\",\"name\":\"Les Laines Finn D'Or\",\"description\":\"Laine qu\u00e9b\u00e9coise \u00e0 tricoter 100% naturelle\",\"publisher\":{\"@id\":\"https:\/\/leslainesfinndor.com\/#organization\"},\"potentialAction\":[{\"@type\":\"SearchAction\",\"target\":{\"@type\":\"EntryPoint\",\"urlTemplate\":\"https:\/\/leslainesfinndor.com\/?s={search_term_string}\"},\"query-input\":{\"@type\":\"PropertyValueSpecification\",\"valueRequired\":true,\"valueName\":\"search_term_string\"}}],\"inLanguage\":\"en-US\"},{\"@type\":\"Organization\",\"@id\":\"https:\/\/leslainesfinndor.com\/#organization\",\"name\":\"Les Laines Finn D'Or\",\"url\":\"https:\/\/leslainesfinndor.com\/\",\"logo\":{\"@type\":\"ImageObject\",\"inLanguage\":\"en-US\",\"@id\":\"https:\/\/leslainesfinndor.com\/#\/schema\/logo\/image\/\",\"url\":\"https:\/\/leslainesfinndor.com\/wp-content\/uploads\/2024\/08\/logo-finndor.webp\",\"contentUrl\":\"https:\/\/leslainesfinndor.com\/wp-content\/uploads\/2024\/08\/logo-finndor.webp\",\"width\":196,\"height\":196,\"caption\":\"Les Laines Finn D'Or\"},\"image\":{\"@id\":\"https:\/\/leslainesfinndor.com\/#\/schema\/logo\/image\/\"},\"sameAs\":[\"https:\/\/www.facebook.com\/Leslainesfinndor\/\",\"https:\/\/www.instagram.com\/les_laines_finn_dor\/\"]}]}<\/script>\n<!-- \/ Yoast SEO plugin. -->","yoast_head_json":{"title":"Les Granu-Laines &#8211; Les Laines Finn D&#039;Or","robots":{"index":"index","follow":"follow","max-snippet":"max-snippet:-1","max-image-preview":"max-image-preview:large","max-video-preview":"max-video-preview:-1"},"canonical":"https:\/\/leslainesfinndor.com\/product\/les-granu-laines\/","og_locale":"en_US","og_type":"article","og_title":"Les Granu-Laines &#8211; Les Laines Finn D&#039;Or","og_description":"Organic fertilizer made from 100% Quebec wool. Efficient for your various crops, an important source of nitrogen, with many features for the health and productivity of your plants. Excellent results in a single application.","og_url":"https:\/\/leslainesfinndor.com\/product\/les-granu-laines\/","og_site_name":"Les Laines Finn D&#039;Or","article_publisher":"https:\/\/www.facebook.com\/Leslainesfinndor\/","twitter_card":"summary_large_image","twitter_misc":{"Est. reading time":"1 minute"},"schema":{"@context":"https:\/\/schema.org","@graph":[{"@type":"WebPage","@id":"https:\/\/leslainesfinndor.com\/product\/les-granu-laines\/","url":"https:\/\/leslainesfinndor.com\/product\/les-granu-laines\/","name":"Les Granu-Laines &#8211; Les Laines Finn D&#039;Or","isPartOf":{"@id":"https:\/\/leslainesfinndor.com\/#website"},"primaryImageOfPage":{"@id":"https:\/\/leslainesfinndor.com\/product\/les-granu-laines\/#primaryimage"},"image":{"@id":"https:\/\/leslainesfinndor.com\/product\/les-granu-laines\/#primaryimage"},"thumbnailUrl":"https:\/\/leslainesfinndor.com\/wp-content\/uploads\/2024\/09\/granu-laines-500g-transparent.webp","datePublished":"2024-09-04T16:36:23+00:00","breadcrumb":{"@id":"https:\/\/leslainesfinndor.com\/product\/les-granu-laines\/#breadcrumb"},"inLanguage":"en-US","potentialAction":[{"@type":"ReadAction","target":["https:\/\/leslainesfinndor.com\/product\/les-granu-laines\/"]}]},{"@type":"ImageObject","inLanguage":"en-US","@id":"https:\/\/leslainesfinndor.com\/product\/les-granu-laines\/#primaryimage","url":"https:\/\/leslainesfinndor.com\/wp-content\/uploads\/2024\/09\/granu-laines-500g-transparent.webp","contentUrl":"https:\/\/leslainesfinndor.com\/wp-content\/uploads\/2024\/09\/granu-laines-500g-transparent.webp","width":500,"height":748},{"@type":"BreadcrumbList","@id":"https:\/\/leslainesfinndor.com\/product\/les-granu-laines\/#breadcrumb","itemListElement":[{"@type":"ListItem","position":1,"name":"Accueil","item":"https:\/\/leslainesfinndor.com\/en\/"},{"@type":"ListItem","position":2,"name":"Shop","item":"https:\/\/leslainesfinndor.com\/en\/shop\/"},{"@type":"ListItem","position":3,"name":"Les Granu-Laines"}]},{"@type":"WebSite","@id":"https:\/\/leslainesfinndor.com\/#website","url":"https:\/\/leslainesfinndor.com\/","name":"Les Laines Finn D'Or","description":"Laine qu\u00e9b\u00e9coise \u00e0 tricoter 100% naturelle","publisher":{"@id":"https:\/\/leslainesfinndor.com\/#organization"},"potentialAction":[{"@type":"SearchAction","target":{"@type":"EntryPoint","urlTemplate":"https:\/\/leslainesfinndor.com\/?s={search_term_string}"},"query-input":{"@type":"PropertyValueSpecification","valueRequired":true,"valueName":"search_term_string"}}],"inLanguage":"en-US"},{"@type":"Organization","@id":"https:\/\/leslainesfinndor.com\/#organization","name":"Les Laines Finn D'Or","url":"https:\/\/leslainesfinndor.com\/","logo":{"@type":"ImageObject","inLanguage":"en-US","@id":"https:\/\/leslainesfinndor.com\/#\/schema\/logo\/image\/","url":"https:\/\/leslainesfinndor.com\/wp-content\/uploads\/2024\/08\/logo-finndor.webp","contentUrl":"https:\/\/leslainesfinndor.com\/wp-content\/uploads\/2024\/08\/logo-finndor.webp","width":196,"height":196,"caption":"Les Laines Finn D'Or"},"image":{"@id":"https:\/\/leslainesfinndor.com\/#\/schema\/logo\/image\/"},"sameAs":["https:\/\/www.facebook.com\/Leslainesfinndor\/","https:\/\/www.instagram.com\/les_laines_finn_dor\/"]}]}},"_links":{"self":[{"href":"https:\/\/leslainesfinndor.com\/en\/wp-json\/wp\/v2\/product\/222","targetHints":{"allow":["GET"]}}],"collection":[{"href":"https:\/\/leslainesfinndor.com\/en\/wp-json\/wp\/v2\/product"}],"about":[{"href":"https:\/\/leslainesfinndor.com\/en\/wp-json\/wp\/v2\/types\/product"}],"replies":[{"embeddable":true,"href":"https:\/\/leslainesfinndor.com\/en\/wp-json\/wp\/v2\/comments?post=222"}],"wp:featuredmedia":[{"embeddable":true,"href":"https:\/\/leslainesfinndor.com\/en\/wp-json\/wp\/v2\/media\/123"}],"wp:attachment":[{"href":"https:\/\/leslainesfinndor.com\/en\/wp-json\/wp\/v2\/media?parent=222"}],"wp:term":[{"taxonomy":"product_brand","embeddable":true,"href":"https:\/\/leslainesfinndor.com\/en\/wp-json\/wp\/v2\/product_brand?post=222"},{"taxonomy":"product_cat","embeddable":true,"href":"https:\/\/leslainesfinndor.com\/en\/wp-json\/wp\/v2\/product_cat?post=222"},{"taxonomy":"product_tag","embeddable":true,"href":"https:\/\/leslainesfinndor.com\/en\/wp-json\/wp\/v2\/product_tag?post=222"}],"curies":[{"name":"wp","href":"https:\/\/api.w.org\/{rel}","templated":true}]}}