{"id":66,"date":"2024-08-09T17:07:21","date_gmt":"2024-08-09T21:07:21","guid":{"rendered":"https:\/\/leslainesfinndor.com\/cart\/"},"modified":"2024-09-11T13:43:14","modified_gmt":"2024-09-11T17:43:14","slug":"cart","status":"publish","type":"page","link":"https:\/\/leslainesfinndor.com\/en\/cart\/","title":{"rendered":"Cart"},"content":{"rendered":"\n<div data-block-name=\"woocommerce\/cart\" class=\"wp-block-woocommerce-cart alignwide is-loading\">\n<div data-block-name=\"woocommerce\/filled-cart-block\" class=\"wp-block-woocommerce-filled-cart-block\">\n<div data-block-name=\"woocommerce\/cart-items-block\" class=\"wp-block-woocommerce-cart-items-block\">\n<div data-block-name=\"woocommerce\/cart-line-items-block\" class=\"wp-block-woocommerce-cart-line-items-block\"><\/div>\n\n\n\n<div data-block-name=\"woocommerce\/cart-cross-sells-block\" class=\"wp-block-woocommerce-cart-cross-sells-block\">\n<h2 class=\"wp-block-heading has-large-font-size\">You may be interested in\u2026<\/h2>\n\n\n\n<div data-block-name=\"woocommerce\/cart-cross-sells-products-block\" class=\"wp-block-woocommerce-cart-cross-sells-products-block\"><\/div>\n<\/div>\n<\/div>\n\n\n\n<div data-block-name=\"woocommerce\/cart-totals-block\" class=\"wp-block-woocommerce-cart-totals-block\">\n<div data-block-name=\"woocommerce\/cart-order-summary-block\" class=\"wp-block-woocommerce-cart-order-summary-block\">\n<div data-block-name=\"woocommerce\/cart-order-summary-heading-block\" class=\"wp-block-woocommerce-cart-order-summary-heading-block\"><\/div><div data-block-name=\"woocommerce\/cart-order-summary-coupon-form-block\" class=\"wp-block-woocommerce-cart-order-summary-coupon-form-block\"><\/div><div data-block-name=\"woocommerce\/cart-order-summary-totals-block\" class=\"wp-block-woocommerce-cart-order-summary-totals-block\">\n<div data-block-name=\"woocommerce\/cart-order-summary-subtotal-block\" class=\"wp-block-woocommerce-cart-order-summary-subtotal-block\"><\/div>\n<div data-block-name=\"woocommerce\/cart-order-summary-discount-block\" class=\"wp-block-woocommerce-cart-order-summary-discount-block\"><\/div>\n<div data-block-name=\"woocommerce\/cart-order-summary-fee-block\" class=\"wp-block-woocommerce-cart-order-summary-fee-block\"><\/div>\n<div data-block-name=\"woocommerce\/cart-order-summary-shipping-block\" class=\"wp-block-woocommerce-cart-order-summary-shipping-block\"><\/div>\n<div data-block-name=\"woocommerce\/cart-order-summary-taxes-block\" class=\"wp-block-woocommerce-cart-order-summary-taxes-block\"><\/div><\/div>\n<\/div>\n\n\n\n<div data-block-name=\"woocommerce\/cart-express-payment-block\" class=\"wp-block-woocommerce-cart-express-payment-block\"><\/div>\n\n\n\n<div data-block-name=\"woocommerce\/proceed-to-checkout-block\" class=\"wp-block-woocommerce-proceed-to-checkout-block\"><\/div>\n\n\n\n<div data-block-name=\"woocommerce\/cart-accepted-payment-methods-block\" class=\"wp-block-woocommerce-cart-accepted-payment-methods-block\"><\/div>\n<\/div>\n<\/div>\n\n\n\n<div data-block-name=\"woocommerce\/empty-cart-block\" class=\"wp-block-woocommerce-empty-cart-block\">\n<h2 class=\"wp-block-heading has-text-align-center with-empty-cart-icon wc-block-cart__empty-cart__title\">Votre panier est actuellement vide !<\/h2>\n\n\n\n<hr class=\"wp-block-separator has-alpha-channel-opacity is-style-dots\"\/>\n\n\n\n<h2 class=\"wp-block-heading has-text-align-center\">Nouveaut\u00e9s \u00e0 la boutique<\/h2>\n\n\n<div data-block-name=\"woocommerce\/product-new\" data-columns=\"4\" data-rows=\"1\" class=\"wc-block-grid wp-block-product-new wp-block-woocommerce-product-new wc-block-product-new has-4-columns\"><ul class=\"wc-block-grid__products\"><li class=\"wc-block-grid__product\">\n\t\t\t\t<a href=\"https:\/\/leslainesfinndor.com\/en\/product\/la-menue\/\" class=\"wc-block-grid__product-link\">\n\t\t\t\t\t\n\t\t\t\t\t<div class=\"wc-block-grid__product-image\"><img decoding=\"async\" width=\"400\" height=\"400\" src=\"data:image\/gif;base64,R0lGODlhAQABAIAAAAAAAP\/\/\/yH5BAEAAAAALAAAAAABAAEAAAIBRAA7\" data-src=\"https:\/\/leslainesfinndor.com\/wp-content\/uploads\/2024\/09\/Sport-Grisaille-1-400x400.jpg\" class=\"attachment-woocommerce_thumbnail size-woocommerce_thumbnail lazyload\" alt=\"La Menue\" data-srcset=\"https:\/\/leslainesfinndor.com\/wp-content\/uploads\/2024\/09\/Sport-Grisaille-1-400x400.jpg 400w, https:\/\/leslainesfinndor.com\/wp-content\/uploads\/2024\/09\/Sport-Grisaille-1-150x150.jpg 150w\" sizes=\"(max-width: 400px) 100vw, 400px\" \/><noscript><img decoding=\"async\" width=\"400\" height=\"400\" src=\"https:\/\/leslainesfinndor.com\/wp-content\/uploads\/2024\/09\/Sport-Grisaille-1-400x400.jpg\" class=\"attachment-woocommerce_thumbnail size-woocommerce_thumbnail lazyload\" alt=\"La Menue\" srcset=\"https:\/\/leslainesfinndor.com\/wp-content\/uploads\/2024\/09\/Sport-Grisaille-1-400x400.jpg 400w, https:\/\/leslainesfinndor.com\/wp-content\/uploads\/2024\/09\/Sport-Grisaille-1-150x150.jpg 150w\" sizes=\"(max-width: 400px) 100vw, 400px\" \/><\/noscript><\/div>\n\t\t\t\t\t<div class=\"wc-block-grid__product-title\">La Menue<\/div>\n\t\t\t\t<\/a>\n\t\t\t\t<div class=\"wc-block-grid__product-price price\"><span class=\"woocommerce-Price-amount amount\">35.66<span class=\"woocommerce-Price-currencySymbol\">&#036;<\/span><\/span><\/div>\n\t\t\t\t\n\t\t\t\t<div class=\"wp-block-button wc-block-grid__product-add-to-cart\"><a href=\"\/en\/wp-json\/wp\/v2\/pages\/66?add-to-cart=208\" aria-label=\"Add to cart: &ldquo;La Menue&rdquo;\" data-quantity=\"1\" data-product_id=\"208\" data-product_sku=\"\" data-price=\"35.66\" rel=\"nofollow\" class=\"wp-block-button__link  add_to_cart_button ajax_add_to_cart\">Add to cart<\/a><\/div>\n\t\t\t<\/li><li class=\"wc-block-grid__product\">\n\t\t\t\t<a href=\"https:\/\/leslainesfinndor.com\/en\/product\/la-petite\/\" class=\"wc-block-grid__product-link\">\n\t\t\t\t\t\n\t\t\t\t\t<div class=\"wc-block-grid__product-image\"><img decoding=\"async\" width=\"400\" height=\"400\" src=\"data:image\/gif;base64,R0lGODlhAQABAIAAAAAAAP\/\/\/yH5BAEAAAAALAAAAAABAAEAAAIBRAA7\" data-src=\"https:\/\/leslainesfinndor.com\/wp-content\/uploads\/2024\/09\/Laine-Violette-400x400.jpg\" class=\"attachment-woocommerce_thumbnail size-woocommerce_thumbnail lazyload\" alt=\"La Petite\" data-srcset=\"https:\/\/leslainesfinndor.com\/wp-content\/uploads\/2024\/09\/Laine-Violette-400x400.jpg 400w, https:\/\/leslainesfinndor.com\/wp-content\/uploads\/2024\/09\/Laine-Violette-150x150.jpg 150w\" sizes=\"(max-width: 400px) 100vw, 400px\" \/><noscript><img decoding=\"async\" width=\"400\" height=\"400\" src=\"https:\/\/leslainesfinndor.com\/wp-content\/uploads\/2024\/09\/Laine-Violette-400x400.jpg\" class=\"attachment-woocommerce_thumbnail size-woocommerce_thumbnail lazyload\" alt=\"La Petite\" srcset=\"https:\/\/leslainesfinndor.com\/wp-content\/uploads\/2024\/09\/Laine-Violette-400x400.jpg 400w, https:\/\/leslainesfinndor.com\/wp-content\/uploads\/2024\/09\/Laine-Violette-150x150.jpg 150w\" sizes=\"(max-width: 400px) 100vw, 400px\" \/><\/noscript><\/div>\n\t\t\t\t\t<div class=\"wc-block-grid__product-title\">La Petite<\/div>\n\t\t\t\t<\/a>\n\t\t\t\t<div class=\"wc-block-grid__product-price price\"><span class=\"woocommerce-Price-amount amount\" aria-hidden=\"true\">33.92<span class=\"woocommerce-Price-currencySymbol\">&#036;<\/span><\/span> <span aria-hidden=\"true\">&ndash;<\/span> <span class=\"woocommerce-Price-amount amount\" aria-hidden=\"true\">36.53<span class=\"woocommerce-Price-currencySymbol\">&#036;<\/span><\/span><span class=\"screen-reader-text\">Price range: 33.92&#036; through 36.53&#036;<\/span><\/div>\n\t\t\t\t\n\t\t\t\t<div class=\"wp-block-button wc-block-grid__product-add-to-cart\"><a href=\"https:\/\/leslainesfinndor.com\/en\/product\/la-petite\/\" aria-label=\"Select options for &ldquo;La Petite&rdquo;\" data-quantity=\"1\" data-product_id=\"209\" data-product_sku=\"\" data-price=\"33.92\" rel=\"nofollow\" class=\"wp-block-button__link  add_to_cart_button\">Select options<\/a><\/div>\n\t\t\t<\/li><li class=\"wc-block-grid__product\">\n\t\t\t\t<a href=\"https:\/\/leslainesfinndor.com\/en\/product\/sheeps-milk-soap-nature\/\" class=\"wc-block-grid__product-link\">\n\t\t\t\t\t\n\t\t\t\t\t<div class=\"wc-block-grid__product-image\"><img decoding=\"async\" width=\"400\" height=\"400\" src=\"data:image\/gif;base64,R0lGODlhAQABAIAAAAAAAP\/\/\/yH5BAEAAAAALAAAAAABAAEAAAIBRAA7\" data-src=\"https:\/\/leslainesfinndor.com\/wp-content\/uploads\/2024\/09\/IMG_3852-400x400.jpg\" class=\"attachment-woocommerce_thumbnail size-woocommerce_thumbnail lazyload\" alt=\"Sheep&#039;s milk soap - Nature\" data-srcset=\"https:\/\/leslainesfinndor.com\/wp-content\/uploads\/2024\/09\/IMG_3852-400x400.jpg 400w, https:\/\/leslainesfinndor.com\/wp-content\/uploads\/2024\/09\/IMG_3852-150x150.jpg 150w\" sizes=\"(max-width: 400px) 100vw, 400px\" \/><noscript><img decoding=\"async\" width=\"400\" height=\"400\" src=\"https:\/\/leslainesfinndor.com\/wp-content\/uploads\/2024\/09\/IMG_3852-400x400.jpg\" class=\"attachment-woocommerce_thumbnail size-woocommerce_thumbnail lazyload\" alt=\"Sheep&#039;s milk soap - Nature\" srcset=\"https:\/\/leslainesfinndor.com\/wp-content\/uploads\/2024\/09\/IMG_3852-400x400.jpg 400w, https:\/\/leslainesfinndor.com\/wp-content\/uploads\/2024\/09\/IMG_3852-150x150.jpg 150w\" sizes=\"(max-width: 400px) 100vw, 400px\" \/><\/noscript><\/div>\n\t\t\t\t\t<div class=\"wc-block-grid__product-title\">Sheep&#8217;s milk soap &#8211; Nature<\/div>\n\t\t\t\t<\/a>\n\t\t\t\t<div class=\"wc-block-grid__product-price price\"><span class=\"woocommerce-Price-amount amount\">8.26<span class=\"woocommerce-Price-currencySymbol\">&#036;<\/span><\/span><\/div>\n\t\t\t\t\n\t\t\t\t<div class=\"wp-block-button wc-block-grid__product-add-to-cart\"><a href=\"\/en\/wp-json\/wp\/v2\/pages\/66?add-to-cart=228\" aria-label=\"Add to cart: &ldquo;Sheep&#039;s milk soap - Nature&rdquo;\" data-quantity=\"1\" data-product_id=\"228\" data-product_sku=\"\" data-price=\"8.26\" rel=\"nofollow\" class=\"wp-block-button__link  add_to_cart_button ajax_add_to_cart\">Add to cart<\/a><\/div>\n\t\t\t<\/li><li class=\"wc-block-grid__product\">\n\t\t\t\t<a href=\"https:\/\/leslainesfinndor.com\/en\/product\/sheeps-milk-soap\/\" class=\"wc-block-grid__product-link\">\n\t\t\t\t\t\n\t\t\t\t\t<div class=\"wc-block-grid__product-image\"><img decoding=\"async\" width=\"400\" height=\"400\" src=\"data:image\/gif;base64,R0lGODlhAQABAIAAAAAAAP\/\/\/yH5BAEAAAAALAAAAAABAAEAAAIBRAA7\" data-src=\"https:\/\/leslainesfinndor.com\/wp-content\/uploads\/2024\/09\/IMG-3854-400x400.jpg\" class=\"attachment-woocommerce_thumbnail size-woocommerce_thumbnail lazyload\" alt=\"Sheep&#039;s milk soap\" data-srcset=\"https:\/\/leslainesfinndor.com\/wp-content\/uploads\/2024\/09\/IMG-3854-400x400.jpg 400w, https:\/\/leslainesfinndor.com\/wp-content\/uploads\/2024\/09\/IMG-3854-150x150.jpg 150w\" sizes=\"(max-width: 400px) 100vw, 400px\" \/><noscript><img decoding=\"async\" width=\"400\" height=\"400\" src=\"https:\/\/leslainesfinndor.com\/wp-content\/uploads\/2024\/09\/IMG-3854-400x400.jpg\" class=\"attachment-woocommerce_thumbnail size-woocommerce_thumbnail lazyload\" alt=\"Sheep&#039;s milk soap\" srcset=\"https:\/\/leslainesfinndor.com\/wp-content\/uploads\/2024\/09\/IMG-3854-400x400.jpg 400w, https:\/\/leslainesfinndor.com\/wp-content\/uploads\/2024\/09\/IMG-3854-150x150.jpg 150w\" sizes=\"(max-width: 400px) 100vw, 400px\" \/><\/noscript><\/div>\n\t\t\t\t\t<div class=\"wc-block-grid__product-title\">Sheep&#8217;s milk soap<\/div>\n\t\t\t\t<\/a>\n\t\t\t\t<div class=\"wc-block-grid__product-price price\"><span class=\"woocommerce-Price-amount amount\">42.00<span class=\"woocommerce-Price-currencySymbol\">&#036;<\/span><\/span><\/div>\n\t\t\t\t\n\t\t\t\t<div class=\"wp-block-button wc-block-grid__product-add-to-cart\"><a href=\"\/en\/wp-json\/wp\/v2\/pages\/66?add-to-cart=229\" aria-label=\"Add to cart: &ldquo;Sheep&#039;s milk soap&rdquo;\" data-quantity=\"1\" data-product_id=\"229\" data-product_sku=\"\" data-price=\"42\" rel=\"nofollow\" class=\"wp-block-button__link  add_to_cart_button ajax_add_to_cart\">Add to cart<\/a><\/div>\n\t\t\t<\/li><\/ul><\/div><\/div>\n<\/div>\n","protected":false},"excerpt":{"rendered":"","protected":false},"author":1,"featured_media":0,"parent":0,"menu_order":0,"comment_status":"closed","ping_status":"closed","template":"","meta":{"_acf_changed":false,"footnotes":""},"class_list":["post-66","page","type-page","status-publish","hentry"],"acf":[],"yoast_head":"<!-- This site is optimized with the Yoast SEO plugin v26.8 - https:\/\/yoast.com\/product\/yoast-seo-wordpress\/ -->\n<title>Cart<\/title>\n<meta name=\"robots\" content=\"noindex, nofollow\" \/>\n<meta property=\"og:locale\" content=\"en_US\" \/>\n<meta property=\"og:type\" content=\"article\" \/>\n<meta property=\"og:title\" content=\"Cart\" \/>\n<meta property=\"og:url\" content=\"https:\/\/leslainesfinndor.com\/en\/cart\/\" \/>\n<meta property=\"og:site_name\" content=\"Les Laines Finn D&#039;Or\" \/>\n<meta property=\"article:publisher\" content=\"https:\/\/www.facebook.com\/Leslainesfinndor\/\" \/>\n<meta property=\"article:modified_time\" content=\"2024-09-11T17:43:14+00:00\" \/>\n<meta name=\"twitter:card\" content=\"summary_large_image\" \/>\n<script type=\"application\/ld+json\" class=\"yoast-schema-graph\">{\"@context\":\"https:\/\/schema.org\",\"@graph\":[{\"@type\":\"WebPage\",\"@id\":\"https:\/\/leslainesfinndor.com\/en\/cart\/\",\"url\":\"https:\/\/leslainesfinndor.com\/en\/cart\/\",\"name\":\"Cart\",\"isPartOf\":{\"@id\":\"https:\/\/leslainesfinndor.com\/#website\"},\"datePublished\":\"2024-08-09T21:07:21+00:00\",\"dateModified\":\"2024-09-11T17:43:14+00:00\",\"breadcrumb\":{\"@id\":\"https:\/\/leslainesfinndor.com\/en\/cart\/#breadcrumb\"},\"inLanguage\":\"en-US\",\"potentialAction\":[{\"@type\":\"ReadAction\",\"target\":[\"https:\/\/leslainesfinndor.com\/en\/cart\/\"]}]},{\"@type\":\"BreadcrumbList\",\"@id\":\"https:\/\/leslainesfinndor.com\/en\/cart\/#breadcrumb\",\"itemListElement\":[{\"@type\":\"ListItem\",\"position\":1,\"name\":\"Accueil\",\"item\":\"https:\/\/leslainesfinndor.com\/en\/\"},{\"@type\":\"ListItem\",\"position\":2,\"name\":\"Cart\"}]},{\"@type\":\"WebSite\",\"@id\":\"https:\/\/leslainesfinndor.com\/#website\",\"url\":\"https:\/\/leslainesfinndor.com\/\",\"name\":\"Les Laines Finn D'Or\",\"description\":\"Laine qu\u00e9b\u00e9coise \u00e0 tricoter 100% naturelle\",\"publisher\":{\"@id\":\"https:\/\/leslainesfinndor.com\/#organization\"},\"potentialAction\":[{\"@type\":\"SearchAction\",\"target\":{\"@type\":\"EntryPoint\",\"urlTemplate\":\"https:\/\/leslainesfinndor.com\/?s={search_term_string}\"},\"query-input\":{\"@type\":\"PropertyValueSpecification\",\"valueRequired\":true,\"valueName\":\"search_term_string\"}}],\"inLanguage\":\"en-US\"},{\"@type\":\"Organization\",\"@id\":\"https:\/\/leslainesfinndor.com\/#organization\",\"name\":\"Les Laines Finn D'Or\",\"url\":\"https:\/\/leslainesfinndor.com\/\",\"logo\":{\"@type\":\"ImageObject\",\"inLanguage\":\"en-US\",\"@id\":\"https:\/\/leslainesfinndor.com\/#\/schema\/logo\/image\/\",\"url\":\"https:\/\/leslainesfinndor.com\/wp-content\/uploads\/2024\/08\/logo-finndor.webp\",\"contentUrl\":\"https:\/\/leslainesfinndor.com\/wp-content\/uploads\/2024\/08\/logo-finndor.webp\",\"width\":196,\"height\":196,\"caption\":\"Les Laines Finn D'Or\"},\"image\":{\"@id\":\"https:\/\/leslainesfinndor.com\/#\/schema\/logo\/image\/\"},\"sameAs\":[\"https:\/\/www.facebook.com\/Leslainesfinndor\/\",\"https:\/\/www.instagram.com\/les_laines_finn_dor\/\"]}]}<\/script>\n<!-- \/ Yoast SEO plugin. -->","yoast_head_json":{"title":"Cart","robots":{"index":"noindex","follow":"nofollow"},"og_locale":"en_US","og_type":"article","og_title":"Cart","og_url":"https:\/\/leslainesfinndor.com\/en\/cart\/","og_site_name":"Les Laines Finn D&#039;Or","article_publisher":"https:\/\/www.facebook.com\/Leslainesfinndor\/","article_modified_time":"2024-09-11T17:43:14+00:00","twitter_card":"summary_large_image","schema":{"@context":"https:\/\/schema.org","@graph":[{"@type":"WebPage","@id":"https:\/\/leslainesfinndor.com\/en\/cart\/","url":"https:\/\/leslainesfinndor.com\/en\/cart\/","name":"Cart","isPartOf":{"@id":"https:\/\/leslainesfinndor.com\/#website"},"datePublished":"2024-08-09T21:07:21+00:00","dateModified":"2024-09-11T17:43:14+00:00","breadcrumb":{"@id":"https:\/\/leslainesfinndor.com\/en\/cart\/#breadcrumb"},"inLanguage":"en-US","potentialAction":[{"@type":"ReadAction","target":["https:\/\/leslainesfinndor.com\/en\/cart\/"]}]},{"@type":"BreadcrumbList","@id":"https:\/\/leslainesfinndor.com\/en\/cart\/#breadcrumb","itemListElement":[{"@type":"ListItem","position":1,"name":"Accueil","item":"https:\/\/leslainesfinndor.com\/en\/"},{"@type":"ListItem","position":2,"name":"Cart"}]},{"@type":"WebSite","@id":"https:\/\/leslainesfinndor.com\/#website","url":"https:\/\/leslainesfinndor.com\/","name":"Les Laines Finn D'Or","description":"Laine qu\u00e9b\u00e9coise \u00e0 tricoter 100% naturelle","publisher":{"@id":"https:\/\/leslainesfinndor.com\/#organization"},"potentialAction":[{"@type":"SearchAction","target":{"@type":"EntryPoint","urlTemplate":"https:\/\/leslainesfinndor.com\/?s={search_term_string}"},"query-input":{"@type":"PropertyValueSpecification","valueRequired":true,"valueName":"search_term_string"}}],"inLanguage":"en-US"},{"@type":"Organization","@id":"https:\/\/leslainesfinndor.com\/#organization","name":"Les Laines Finn D'Or","url":"https:\/\/leslainesfinndor.com\/","logo":{"@type":"ImageObject","inLanguage":"en-US","@id":"https:\/\/leslainesfinndor.com\/#\/schema\/logo\/image\/","url":"https:\/\/leslainesfinndor.com\/wp-content\/uploads\/2024\/08\/logo-finndor.webp","contentUrl":"https:\/\/leslainesfinndor.com\/wp-content\/uploads\/2024\/08\/logo-finndor.webp","width":196,"height":196,"caption":"Les Laines Finn D'Or"},"image":{"@id":"https:\/\/leslainesfinndor.com\/#\/schema\/logo\/image\/"},"sameAs":["https:\/\/www.facebook.com\/Leslainesfinndor\/","https:\/\/www.instagram.com\/les_laines_finn_dor\/"]}]}},"_links":{"self":[{"href":"https:\/\/leslainesfinndor.com\/en\/wp-json\/wp\/v2\/pages\/66","targetHints":{"allow":["GET"]}}],"collection":[{"href":"https:\/\/leslainesfinndor.com\/en\/wp-json\/wp\/v2\/pages"}],"about":[{"href":"https:\/\/leslainesfinndor.com\/en\/wp-json\/wp\/v2\/types\/page"}],"author":[{"embeddable":true,"href":"https:\/\/leslainesfinndor.com\/en\/wp-json\/wp\/v2\/users\/1"}],"replies":[{"embeddable":true,"href":"https:\/\/leslainesfinndor.com\/en\/wp-json\/wp\/v2\/comments?post=66"}],"version-history":[{"count":0,"href":"https:\/\/leslainesfinndor.com\/en\/wp-json\/wp\/v2\/pages\/66\/revisions"}],"wp:attachment":[{"href":"https:\/\/leslainesfinndor.com\/en\/wp-json\/wp\/v2\/media?parent=66"}],"curies":[{"name":"wp","href":"https:\/\/api.w.org\/{rel}","templated":true}]}}