{"id":236,"date":"2024-08-29T10:48:37","date_gmt":"2024-08-29T14:48:37","guid":{"rendered":"https:\/\/leslainesfinndor.com\/contact\/"},"modified":"2024-09-13T16:54:50","modified_gmt":"2024-09-13T20:54:50","slug":"contact","status":"publish","type":"page","link":"https:\/\/leslainesfinndor.com\/en\/contact\/","title":{"rendered":"Contact"},"content":{"rendered":"\n<div class=\"wp-block-columns is-layout-flex wp-container-core-columns-is-layout-9d6595d7 wp-block-columns-is-layout-flex\">\n<div class=\"wp-block-column is-layout-flow wp-block-column-is-layout-flow\" style=\"flex-basis:35%\">\n<h2 class=\"wp-block-heading\">How to reach us<\/h2>\n\n\n\n<p>France Custeau and Louis Desrosiers (owners)<\/p>\n\n\n\n<p>For easy directions, click on the address link:<br><a href=\"https:\/\/goo.gl\/maps\/1xvtp4keLQMCU38A8\" target=\"_blank\" rel=\"noreferrer noopener\">97 rang 5, Saint-Fran\u00e7ois-Xavier de Brompton QC, Canada J0B 2V0<\/a><\/p>\n\n\n\n<p><a href=\"tel:+819-238-6450\" target=\"_blank\" rel=\"noreferrer noopener\">819-238-6450<\/a><\/p>\n\n\n\n<h2 class=\"wp-block-heading\">Contact<\/h2>\n\n\n\n<p>Our farm is located in the Eastern Townships near Sherbrooke.\nEasy to reach, we&#8217;re located 7 km from exit 71 (coming from Drummondville) or 7 km from exit 71 South if you&#8217;re coming from Sherbrooke. <\/p>\n<\/div>\n\n\n\n<div class=\"wp-block-column is-layout-flow wp-block-column-is-layout-flow\" style=\"flex-basis:66.66%\">\n<div class=\"wp-block-contact-form-7-contact-form-selector\">\n<div class=\"wpcf7 no-js\" id=\"wpcf7-f75-o1\" lang=\"fr-FR\" dir=\"ltr\" data-wpcf7-id=\"75\">\n<div class=\"screen-reader-response\"><p role=\"status\" aria-live=\"polite\" aria-atomic=\"true\"><\/p> <ul><\/ul><\/div>\n<form action=\"\/en\/wp-json\/wp\/v2\/pages\/236#wpcf7-f75-o1\" method=\"post\" class=\"wpcf7-form init\" aria-label=\"Formulaire de contact\" novalidate=\"novalidate\" data-status=\"init\">\n<fieldset class=\"hidden-fields-container\"><input type=\"hidden\" name=\"_wpcf7\" value=\"75\" \/><input type=\"hidden\" name=\"_wpcf7_version\" value=\"6.1.5\" \/><input type=\"hidden\" name=\"_wpcf7_locale\" value=\"fr_FR\" \/><input type=\"hidden\" name=\"_wpcf7_unit_tag\" value=\"wpcf7-f75-o1\" \/><input type=\"hidden\" name=\"_wpcf7_container_post\" value=\"0\" \/><input type=\"hidden\" name=\"_wpcf7_posted_data_hash\" value=\"\" \/><input type=\"hidden\" name=\"_wpcf7_recaptcha_response\" value=\"\" \/>\n<\/fieldset>\n<p><span class=\"wpcf7-form-control-wrap\" data-name=\"your-name\"><input size=\"40\" maxlength=\"400\" class=\"wpcf7-form-control wpcf7-text wpcf7-validates-as-required\" autocomplete=\"name\" aria-required=\"true\" aria-invalid=\"false\" placeholder=\"Name\" value=\"\" type=\"text\" name=\"your-name\" \/><\/span>\n<\/p>\n<p><span class=\"wpcf7-form-control-wrap\" data-name=\"your-email\"><input size=\"40\" maxlength=\"400\" class=\"wpcf7-form-control wpcf7-email wpcf7-validates-as-required wpcf7-text wpcf7-validates-as-email\" autocomplete=\"email\" aria-required=\"true\" aria-invalid=\"false\" placeholder=\"Email\" value=\"\" type=\"email\" name=\"your-email\" \/><\/span>\n<\/p>\n<p><span class=\"wpcf7-form-control-wrap\" data-name=\"your-subject\"><input size=\"40\" maxlength=\"400\" class=\"wpcf7-form-control wpcf7-text wpcf7-validates-as-required\" aria-required=\"true\" aria-invalid=\"false\" placeholder=\"Subject\" value=\"\" type=\"text\" name=\"your-subject\" \/><\/span>\n<\/p>\n<p><span class=\"wpcf7-form-control-wrap\" data-name=\"your-message\"><textarea cols=\"40\" rows=\"10\" maxlength=\"2000\" class=\"wpcf7-form-control wpcf7-textarea wpcf7-validates-as-required\" aria-required=\"true\" aria-invalid=\"false\" placeholder=\"Message\" name=\"your-message\"><\/textarea><\/span>\n<\/p>\n<span class=\"wpcf7-form-control-wrap recaptcha\" data-name=\"recaptcha\"><span data-sitekey=\"6LdAMsgqAAAAAHc2msRBOyQTN52HrtaY79NJwTfB\" class=\"wpcf7-form-control wpcf7-recaptcha g-recaptcha\"><\/span>\r\n<noscript>\r\n\t<div class=\"grecaptcha-noscript\">\r\n\t\t<iframe src=\"https:\/\/www.google.com\/recaptcha\/api\/fallback?k=6LdAMsgqAAAAAHc2msRBOyQTN52HrtaY79NJwTfB\" frameborder=\"0\" scrolling=\"no\" width=\"310\" height=\"430\">\r\n\t\t<\/iframe>\r\n\t\t<textarea name=\"g-recaptcha-response\" rows=\"3\" cols=\"40\" placeholder=\"reCaptcha Response Here\">\r\n\t\t<\/textarea>\r\n\t<\/div>\r\n<\/noscript>\r\n<\/span>\n<p><input class=\"wpcf7-form-control wpcf7-submit has-spinner\" type=\"submit\" value=\"Send\" \/>\n<\/p><p style=\"display: none !important;\" class=\"akismet-fields-container\" data-prefix=\"_wpcf7_ak_\"><label>&#916;<textarea name=\"_wpcf7_ak_hp_textarea\" cols=\"45\" rows=\"8\" maxlength=\"100\"><\/textarea><\/label><input type=\"hidden\" id=\"ak_js_1\" name=\"_wpcf7_ak_js\" value=\"183\"\/><script type=\"text\/javascript\">\n\/* <![CDATA[ *\/\ndocument.getElementById( \"ak_js_1\" ).setAttribute( \"value\", ( new Date() ).getTime() );\n\/* ]]> *\/\n<\/script>\n<\/p><div class=\"wpcf7-response-output\" aria-hidden=\"true\"><\/div>\n<\/form>\n<\/div>\n<\/div>\n<\/div>\n<\/div>\n\n\n\n<div class=\"wp-block-columns are-vertically-aligned-center bloc-avis is-layout-flex wp-container-core-columns-is-layout-9d6595d7 wp-block-columns-is-layout-flex\">\n<div class=\"wp-block-column is-vertically-aligned-center end is-layout-flow wp-block-column-is-layout-flow\" style=\"flex-basis:50%\">\n<p style=\"font-size:1.6em\"><strong>Do you like our products?<\/strong><\/p>\n\n\n\n<p><em>Support us!<\/em><\/p>\n\n\n\n<p>A short comment from you explaining why you are satisfied can make all the difference to us.<\/p>\n\n\n\n<div class=\"wp-block-buttons is-layout-flex wp-block-buttons-is-layout-flex\">\n<div class=\"wp-block-button\"><a class=\"wp-block-button__link wp-element-button\" href=\"https:\/\/g.page\/r\/CRRDeiJIHzMYEBM\/review\" target=\"_blank\" rel=\"noreferrer noopener\">Leave a review<\/a><\/div>\n<\/div>\n<\/div>\n<\/div>\n","protected":false},"excerpt":{"rendered":"<p>How to reach us France Custeau and Louis Desrosiers (owners) For easy directions, click on the address link:97 rang 5, Saint-Fran\u00e7ois-Xavier de Brompton QC, Canada J0B 2V0 819-238-6450 Contact Our farm is located in the Eastern Townships near Sherbrooke. Easy to reach, we&#8217;re located 7 km from exit 71 (coming from Drummondville) or 7 km [&hellip;]<\/p>\n","protected":false},"author":1,"featured_media":0,"parent":0,"menu_order":0,"comment_status":"closed","ping_status":"closed","template":"","meta":{"_acf_changed":false,"footnotes":""},"class_list":["post-236","page","type-page","status-publish","hentry"],"acf":[],"yoast_head":"<!-- This site is optimized with the Yoast SEO plugin v26.8 - https:\/\/yoast.com\/product\/yoast-seo-wordpress\/ -->\n<title>Contact<\/title>\n<meta name=\"robots\" content=\"index, follow, max-snippet:-1, max-image-preview:large, max-video-preview:-1\" \/>\n<link rel=\"canonical\" href=\"https:\/\/leslainesfinndor.com\/en\/contact\/\" \/>\n<meta property=\"og:locale\" content=\"en_US\" \/>\n<meta property=\"og:type\" content=\"article\" \/>\n<meta property=\"og:title\" content=\"Contact\" \/>\n<meta property=\"og:description\" content=\"How to reach us France Custeau and Louis Desrosiers (owners) For easy directions, click on the address link:97 rang 5, Saint-Fran\u00e7ois-Xavier de Brompton QC, Canada J0B 2V0 819-238-6450 Contact Our farm is located in the Eastern Townships near Sherbrooke. Easy to reach, we&#8217;re located 7 km from exit 71 (coming from Drummondville) or 7 km [&hellip;]\" \/>\n<meta property=\"og:url\" content=\"https:\/\/leslainesfinndor.com\/en\/contact\/\" \/>\n<meta property=\"og:site_name\" content=\"Les Laines Finn D&#039;Or\" \/>\n<meta property=\"article:publisher\" content=\"https:\/\/www.facebook.com\/Leslainesfinndor\/\" \/>\n<meta property=\"article:modified_time\" content=\"2024-09-13T20:54:50+00:00\" \/>\n<meta name=\"twitter:card\" content=\"summary_large_image\" \/>\n<meta name=\"twitter:label1\" content=\"Est. reading time\" \/>\n\t<meta name=\"twitter:data1\" content=\"1 minute\" \/>\n<script type=\"application\/ld+json\" class=\"yoast-schema-graph\">{\"@context\":\"https:\/\/schema.org\",\"@graph\":[{\"@type\":\"WebPage\",\"@id\":\"https:\/\/leslainesfinndor.com\/en\/contact\/\",\"url\":\"https:\/\/leslainesfinndor.com\/en\/contact\/\",\"name\":\"Contact\",\"isPartOf\":{\"@id\":\"https:\/\/leslainesfinndor.com\/#website\"},\"datePublished\":\"2024-08-29T14:48:37+00:00\",\"dateModified\":\"2024-09-13T20:54:50+00:00\",\"breadcrumb\":{\"@id\":\"https:\/\/leslainesfinndor.com\/en\/contact\/#breadcrumb\"},\"inLanguage\":\"en-US\",\"potentialAction\":[{\"@type\":\"ReadAction\",\"target\":[\"https:\/\/leslainesfinndor.com\/en\/contact\/\"]}]},{\"@type\":\"BreadcrumbList\",\"@id\":\"https:\/\/leslainesfinndor.com\/en\/contact\/#breadcrumb\",\"itemListElement\":[{\"@type\":\"ListItem\",\"position\":1,\"name\":\"Accueil\",\"item\":\"https:\/\/leslainesfinndor.com\/en\/\"},{\"@type\":\"ListItem\",\"position\":2,\"name\":\"Contact\"}]},{\"@type\":\"WebSite\",\"@id\":\"https:\/\/leslainesfinndor.com\/#website\",\"url\":\"https:\/\/leslainesfinndor.com\/\",\"name\":\"Les Laines Finn D'Or\",\"description\":\"Laine qu\u00e9b\u00e9coise \u00e0 tricoter 100% naturelle\",\"publisher\":{\"@id\":\"https:\/\/leslainesfinndor.com\/#organization\"},\"potentialAction\":[{\"@type\":\"SearchAction\",\"target\":{\"@type\":\"EntryPoint\",\"urlTemplate\":\"https:\/\/leslainesfinndor.com\/?s={search_term_string}\"},\"query-input\":{\"@type\":\"PropertyValueSpecification\",\"valueRequired\":true,\"valueName\":\"search_term_string\"}}],\"inLanguage\":\"en-US\"},{\"@type\":\"Organization\",\"@id\":\"https:\/\/leslainesfinndor.com\/#organization\",\"name\":\"Les Laines Finn D'Or\",\"url\":\"https:\/\/leslainesfinndor.com\/\",\"logo\":{\"@type\":\"ImageObject\",\"inLanguage\":\"en-US\",\"@id\":\"https:\/\/leslainesfinndor.com\/#\/schema\/logo\/image\/\",\"url\":\"https:\/\/leslainesfinndor.com\/wp-content\/uploads\/2024\/08\/logo-finndor.webp\",\"contentUrl\":\"https:\/\/leslainesfinndor.com\/wp-content\/uploads\/2024\/08\/logo-finndor.webp\",\"width\":196,\"height\":196,\"caption\":\"Les Laines Finn D'Or\"},\"image\":{\"@id\":\"https:\/\/leslainesfinndor.com\/#\/schema\/logo\/image\/\"},\"sameAs\":[\"https:\/\/www.facebook.com\/Leslainesfinndor\/\",\"https:\/\/www.instagram.com\/les_laines_finn_dor\/\"]}]}<\/script>\n<!-- \/ Yoast SEO plugin. -->","yoast_head_json":{"title":"Contact","robots":{"index":"index","follow":"follow","max-snippet":"max-snippet:-1","max-image-preview":"max-image-preview:large","max-video-preview":"max-video-preview:-1"},"canonical":"https:\/\/leslainesfinndor.com\/en\/contact\/","og_locale":"en_US","og_type":"article","og_title":"Contact","og_description":"How to reach us France Custeau and Louis Desrosiers (owners) For easy directions, click on the address link:97 rang 5, Saint-Fran\u00e7ois-Xavier de Brompton QC, Canada J0B 2V0 819-238-6450 Contact Our farm is located in the Eastern Townships near Sherbrooke. Easy to reach, we&#8217;re located 7 km from exit 71 (coming from Drummondville) or 7 km [&hellip;]","og_url":"https:\/\/leslainesfinndor.com\/en\/contact\/","og_site_name":"Les Laines Finn D&#039;Or","article_publisher":"https:\/\/www.facebook.com\/Leslainesfinndor\/","article_modified_time":"2024-09-13T20:54:50+00:00","twitter_card":"summary_large_image","twitter_misc":{"Est. reading time":"1 minute"},"schema":{"@context":"https:\/\/schema.org","@graph":[{"@type":"WebPage","@id":"https:\/\/leslainesfinndor.com\/en\/contact\/","url":"https:\/\/leslainesfinndor.com\/en\/contact\/","name":"Contact","isPartOf":{"@id":"https:\/\/leslainesfinndor.com\/#website"},"datePublished":"2024-08-29T14:48:37+00:00","dateModified":"2024-09-13T20:54:50+00:00","breadcrumb":{"@id":"https:\/\/leslainesfinndor.com\/en\/contact\/#breadcrumb"},"inLanguage":"en-US","potentialAction":[{"@type":"ReadAction","target":["https:\/\/leslainesfinndor.com\/en\/contact\/"]}]},{"@type":"BreadcrumbList","@id":"https:\/\/leslainesfinndor.com\/en\/contact\/#breadcrumb","itemListElement":[{"@type":"ListItem","position":1,"name":"Accueil","item":"https:\/\/leslainesfinndor.com\/en\/"},{"@type":"ListItem","position":2,"name":"Contact"}]},{"@type":"WebSite","@id":"https:\/\/leslainesfinndor.com\/#website","url":"https:\/\/leslainesfinndor.com\/","name":"Les Laines Finn D'Or","description":"Laine qu\u00e9b\u00e9coise \u00e0 tricoter 100% naturelle","publisher":{"@id":"https:\/\/leslainesfinndor.com\/#organization"},"potentialAction":[{"@type":"SearchAction","target":{"@type":"EntryPoint","urlTemplate":"https:\/\/leslainesfinndor.com\/?s={search_term_string}"},"query-input":{"@type":"PropertyValueSpecification","valueRequired":true,"valueName":"search_term_string"}}],"inLanguage":"en-US"},{"@type":"Organization","@id":"https:\/\/leslainesfinndor.com\/#organization","name":"Les Laines Finn D'Or","url":"https:\/\/leslainesfinndor.com\/","logo":{"@type":"ImageObject","inLanguage":"en-US","@id":"https:\/\/leslainesfinndor.com\/#\/schema\/logo\/image\/","url":"https:\/\/leslainesfinndor.com\/wp-content\/uploads\/2024\/08\/logo-finndor.webp","contentUrl":"https:\/\/leslainesfinndor.com\/wp-content\/uploads\/2024\/08\/logo-finndor.webp","width":196,"height":196,"caption":"Les Laines Finn D'Or"},"image":{"@id":"https:\/\/leslainesfinndor.com\/#\/schema\/logo\/image\/"},"sameAs":["https:\/\/www.facebook.com\/Leslainesfinndor\/","https:\/\/www.instagram.com\/les_laines_finn_dor\/"]}]}},"_links":{"self":[{"href":"https:\/\/leslainesfinndor.com\/en\/wp-json\/wp\/v2\/pages\/236","targetHints":{"allow":["GET"]}}],"collection":[{"href":"https:\/\/leslainesfinndor.com\/en\/wp-json\/wp\/v2\/pages"}],"about":[{"href":"https:\/\/leslainesfinndor.com\/en\/wp-json\/wp\/v2\/types\/page"}],"author":[{"embeddable":true,"href":"https:\/\/leslainesfinndor.com\/en\/wp-json\/wp\/v2\/users\/1"}],"replies":[{"embeddable":true,"href":"https:\/\/leslainesfinndor.com\/en\/wp-json\/wp\/v2\/comments?post=236"}],"version-history":[{"count":0,"href":"https:\/\/leslainesfinndor.com\/en\/wp-json\/wp\/v2\/pages\/236\/revisions"}],"wp:attachment":[{"href":"https:\/\/leslainesfinndor.com\/en\/wp-json\/wp\/v2\/media?parent=236"}],"curies":[{"name":"wp","href":"https:\/\/api.w.org\/{rel}","templated":true}]}}